{"id":1463,"date":"2021-06-30T13:17:16","date_gmt":"2021-06-30T16:17:16","guid":{"rendered":"https:\/\/ricardodcbarcellos.com.br\/?page_id=1463"},"modified":"2021-07-19T15:39:31","modified_gmt":"2021-07-19T18:39:31","slug":"testimonials","status":"publish","type":"page","link":"https:\/\/ricardodcbarcellos.com.br\/en\/testimonials\/","title":{"rendered":"Testimonials"},"content":{"rendered":"\t\t<div data-elementor-type=\"wp-page\" data-elementor-id=\"1463\" class=\"elementor elementor-1463 elementor-1000\" data-elementor-post-type=\"page\">\n\t\t\t\t\t\t<section class=\"elementor-section elementor-top-section elementor-element elementor-element-bc77b5b elementor-section-boxed elementor-section-height-default elementor-section-height-default\" data-id=\"bc77b5b\" data-element_type=\"section\" data-settings=\"{&quot;background_background&quot;:&quot;classic&quot;}\">\n\t\t\t\t\t\t\t<div class=\"elementor-background-overlay\"><\/div>\n\t\t\t\t\t\t\t<div class=\"elementor-container elementor-column-gap-default\">\n\t\t\t\t\t<div class=\"elementor-column elementor-col-100 elementor-top-column elementor-element elementor-element-beca204\" data-id=\"beca204\" data-element_type=\"column\">\n\t\t\t<div class=\"elementor-widget-wrap elementor-element-populated\">\n\t\t\t\t\t\t<div class=\"elementor-element elementor-element-39f3967 animated-slow elementor-invisible elementor-widget elementor-widget-heading\" data-id=\"39f3967\" data-element_type=\"widget\" data-settings=\"{&quot;_animation&quot;:&quot;fadeIn&quot;}\" data-widget_type=\"heading.default\">\n\t\t\t\t<div class=\"elementor-widget-container\">\n\t\t\t<h1 class=\"elementor-heading-title elementor-size-default\">Depoimentos<\/h1>\t\t<\/div>\n\t\t\t\t<\/div>\n\t\t\t\t\t<\/div>\n\t\t<\/div>\n\t\t\t\t\t<\/div>\n\t\t<\/section>\n\t\t\t\t<section class=\"elementor-section elementor-top-section elementor-element elementor-element-005fac1 elementor-section-boxed elementor-section-height-default elementor-section-height-default\" data-id=\"005fac1\" data-element_type=\"section\">\n\t\t\t\t\t\t<div class=\"elementor-container elementor-column-gap-default\">\n\t\t\t\t\t<div class=\"elementor-column elementor-col-100 elementor-top-column elementor-element elementor-element-2c835a3\" data-id=\"2c835a3\" data-element_type=\"column\">\n\t\t\t<div class=\"elementor-widget-wrap elementor-element-populated\">\n\t\t\t\t\t\t<div class=\"elementor-element elementor-element-a70c7e1 elementor-arrows-yes elementor-review--has-separator elementor--star-style-star_fontawesome elementor-widget elementor-widget-reviews\" data-id=\"a70c7e1\" data-element_type=\"widget\" data-settings=\"{&quot;slides_per_view&quot;:&quot;3&quot;,&quot;slides_to_scroll&quot;:&quot;1&quot;,&quot;space_between&quot;:{&quot;unit&quot;:&quot;px&quot;,&quot;size&quot;:20,&quot;sizes&quot;:[]},&quot;show_arrows&quot;:&quot;yes&quot;,&quot;speed&quot;:500,&quot;autoplay&quot;:&quot;yes&quot;,&quot;autoplay_speed&quot;:5000,&quot;loop&quot;:&quot;yes&quot;,&quot;pause_on_hover&quot;:&quot;yes&quot;,&quot;pause_on_interaction&quot;:&quot;yes&quot;,&quot;space_between_tablet&quot;:{&quot;unit&quot;:&quot;px&quot;,&quot;size&quot;:10,&quot;sizes&quot;:[]},&quot;space_between_mobile&quot;:{&quot;unit&quot;:&quot;px&quot;,&quot;size&quot;:10,&quot;sizes&quot;:[]}}\" data-widget_type=\"reviews.default\">\n\t\t\t\t<div class=\"elementor-widget-container\">\n\t\t\t\t\t<div class=\"elementor-swiper\">\n\t\t\t<div class=\"elementor-main-swiper swiper\">\n\t\t\t\t<div class=\"swiper-wrapper\">\n\t\t\t\t\t\t\t\t\t\t\t<div class=\"swiper-slide\">\n\t\t\t\t\t\t\t\t\t<div class=\"elementor-testimonial elementor-repeater-item-367887a\">\n\t\t\t\t\t\t\t<div class=\"elementor-testimonial__header\">\n\t\t\t\t\t\t\t\t\t\t<cite class=\"elementor-testimonial__cite\"><span class=\"elementor-testimonial__name\">Henri Siegert Chazan<\/span><span class=\"elementor-testimonial__title\">Advogado, Empres\u00e1rio, Presidente do Sindicato dos Hospitais e Cl\u00ednicas de Porto Alegre\/RS<\/span><\/cite>\t\t\t\t\t<div class=\"elementor-testimonial__icon elementor-icon elementor-icon-\"><span class=\"elementor-screen-only\">Read More<\/span><\/div>\t\t\t\t<\/div>\n\t\t\t\t\t\t\t\t\t\t<div class=\"elementor-testimonial__content\">\n\t\t\t\t\t<div class=\"elementor-testimonial__text\">\n\t\t\t\t\t\tPara solucionar um processo perdido que j\u00e1 durava mais de 25 anos acabei recorrendo ao Dr. Ricardo Chaves Barcelos. Conseguimos reverter uma causa dada como perdido. E depois da proced\u00eancia, conseguimos um bom acordo para receber os valores! Deu tudo certo.  Muito obrigado Dr. Ricardo.\t\t\t\t\t<\/div>\n\t\t\t\t<\/div>\n\t\t\t\t\t<\/div>\n\t\t\t\t\t\t\t\t<\/div>\n\t\t\t\t\t\t\t\t\t\t\t<div class=\"swiper-slide\">\n\t\t\t\t\t\t\t\t\t<div class=\"elementor-testimonial elementor-repeater-item-10c92cc\">\n\t\t\t\t\t\t\t<a class=\"elementor-testimonial__header\" href=\"https:\/\/www.meta.com.br\" target=\"_blank\">\n\t\t\t\t\t\t\t\t\t\t<cite class=\"elementor-testimonial__cite\"><span class=\"elementor-testimonial__name\">Telmo Costa<\/span><span class=\"elementor-testimonial__title\">CEO Meta<\/span><\/cite>\t\t\t\t\t<div class=\"elementor-testimonial__icon elementor-icon elementor-icon-\"><span class=\"elementor-screen-only\">Read More<\/span><\/div>\t\t\t\t<\/a>\n\t\t\t\t\t\t\t\t\t\t<div class=\"elementor-testimonial__content\">\n\t\t\t\t\t<div class=\"elementor-testimonial__text\">\n\t\t\t\t\t\tRicardo Chaves Barcellos \u00e9 um dos advogados mais preparados no Brasil! Conciliando capacidade jur\u00eddica, juntamente com a objetividade empresarial e a sensibilidade necess\u00e1ria a resolver conflitos estabelecendo pontes, entre as partes, quando essas s\u00e3o o caminho adequado.  Essa \u00e9 a minha experi\u00eancia com o Ricardo, tendo sido seu cliente, companheiro na gest\u00e3o de entidades empresariais e amigo.\t\t\t\t\t<\/div>\n\t\t\t\t<\/div>\n\t\t\t\t\t<\/div>\n\t\t\t\t\t\t\t\t<\/div>\n\t\t\t\t\t\t\t\t\t\t\t<div class=\"swiper-slide\">\n\t\t\t\t\t\t\t\t\t<div class=\"elementor-testimonial elementor-repeater-item-9a62cd7\">\n\t\t\t\t\t\t\t<div class=\"elementor-testimonial__header\">\n\t\t\t\t\t\t\t\t\t\t<cite class=\"elementor-testimonial__cite\"><span class=\"elementor-testimonial__name\">Marcelo Rosadilla<\/span><span class=\"elementor-testimonial__title\">Diretor Associado de Straus Institute, Pepperdine University (CA), Advogado e Mediador<\/span><\/cite>\t\t\t\t\t<div class=\"elementor-testimonial__icon elementor-icon elementor-icon-\"><span class=\"elementor-screen-only\">Read More<\/span><\/div>\t\t\t\t<\/div>\n\t\t\t\t\t\t\t\t\t\t<div class=\"elementor-testimonial__content\">\n\t\t\t\t\t<div class=\"elementor-testimonial__text\">\n\t\t\t\t\t\tRicardo Barcellos combina a experi\u00eancia, dedica\u00e7\u00e3o e rigor adquiridos em anos de pr\u00e1tica em escrit\u00f3rios de advocacia de renome internacional e contenciosos complexos; o conhecimento, intelig\u00eancia emocional e empatia refinados pelo r\u00edgido estudo e paix\u00e3o por habilidades de pacifica\u00e7\u00e3o e resolu\u00e7\u00e3o de disputas; e o cuidado pessoal, a solidariedade, a compreens\u00e3o e o compromisso com o bem-estar e a prosperidade da comunidade como um todo.\t\t\t\t\t<\/div>\n\t\t\t\t<\/div>\n\t\t\t\t\t<\/div>\n\t\t\t\t\t\t\t\t<\/div>\n\t\t\t\t\t\t\t\t\t\t\t<div class=\"swiper-slide\">\n\t\t\t\t\t\t\t\t\t<div class=\"elementor-testimonial elementor-repeater-item-fba8050\">\n\t\t\t\t\t\t\t<div class=\"elementor-testimonial__header\">\n\t\t\t\t\t\t\t\t\t\t<cite class=\"elementor-testimonial__cite\"><span class=\"elementor-testimonial__name\">M\u00e1rcio Polto<\/span><span class=\"elementor-testimonial__title\">S\u00f3cio e Head da \u00e1rea de Resolu\u00e7\u00e3o de Disputas de Trench, Rossi e Watanabe Advogados<\/span><\/cite>\t\t\t\t\t<div class=\"elementor-testimonial__icon elementor-icon elementor-icon-\"><span class=\"elementor-screen-only\">Read More<\/span><\/div>\t\t\t\t<\/div>\n\t\t\t\t\t\t\t\t\t\t<div class=\"elementor-testimonial__content\">\n\t\t\t\t\t<div class=\"elementor-testimonial__text\">\n\t\t\t\t\t\tEu conhe\u00e7o o Ricardo h\u00e1 muitos anos e trabalhamos juntos como s\u00f3cios em casos complexos e altamente sens\u00edveis. Ricardo \u00e9 um advogado experiente, com s\u00f3lida forma\u00e7\u00e3o e talentoso para aproximar as partes e fazer com que entendam realmente a disputa e os benef\u00edcios de uma eventual composi\u00e7\u00e3o.  Ele \u00e9 particularmente h\u00e1bil  na identifica\u00e7\u00e3o dos pontos-chave e em fazer com que as partes atentem aos aspectos pr\u00e1ticos e comerciais do problema, encontrando solu\u00e7\u00f5es criativas para solucion\u00e1-lo consensualmente, sempre que poss\u00edvel.\t\t\t\t\t<\/div>\n\t\t\t\t<\/div>\n\t\t\t\t\t<\/div>\n\t\t\t\t\t\t\t\t<\/div>\n\t\t\t\t\t\t\t\t\t\t\t<div class=\"swiper-slide\">\n\t\t\t\t\t\t\t\t\t<div class=\"elementor-testimonial elementor-repeater-item-fc1ded3\">\n\t\t\t\t\t\t\t<div class=\"elementor-testimonial__header\">\n\t\t\t\t\t\t\t\t\t\t<cite class=\"elementor-testimonial__cite\"><span class=\"elementor-testimonial__name\">Lazaro Silva<\/span><span class=\"elementor-testimonial__title\">Head Legal e RH, Liebeherr Brasil Ltda<\/span><\/cite>\t\t\t\t\t<div class=\"elementor-testimonial__icon elementor-icon elementor-icon-\"><span class=\"elementor-screen-only\">Read More<\/span><\/div>\t\t\t\t<\/div>\n\t\t\t\t\t\t\t\t\t\t<div class=\"elementor-testimonial__content\">\n\t\t\t\t\t<div class=\"elementor-testimonial__text\">\n\t\t\t\t\t\tConheci o Dr. Ricardo Barcellos h\u00e1 mais de 25 anos. Contamos com o trabalho dele em algumas oportunidades enquanto s\u00f3cio do contencioso do TRW. Dr. Ricardo demonstrou conhecimento aprofundado sobre as quest\u00f5es, uma prestatividade exemplar e, sobretudo, muita gentileza no trato pessoal.\t\t\t\t\t<\/div>\n\t\t\t\t<\/div>\n\t\t\t\t\t<\/div>\n\t\t\t\t\t\t\t\t<\/div>\n\t\t\t\t\t\t\t\t\t\t\t<div class=\"swiper-slide\">\n\t\t\t\t\t\t\t\t\t<div class=\"elementor-testimonial elementor-repeater-item-1f4ea63\">\n\t\t\t\t\t\t\t<div class=\"elementor-testimonial__header\">\n\t\t\t\t\t\t\t\t\t\t<cite class=\"elementor-testimonial__cite\"><span class=\"elementor-testimonial__name\">Romeu Schneider<\/span><span class=\"elementor-testimonial__title\">empres\u00e1rio, agroneg\u00f3cio e concession\u00e1rias Honda<\/span><\/cite>\t\t\t\t\t<div class=\"elementor-testimonial__icon elementor-icon elementor-icon-\"><span class=\"elementor-screen-only\">Read More<\/span><\/div>\t\t\t\t<\/div>\n\t\t\t\t\t\t\t\t\t\t<div class=\"elementor-testimonial__content\">\n\t\t\t\t\t<div class=\"elementor-testimonial__text\">\n\t\t\t\t\t\tConhecemos Ricardo Chaves Barcellos h\u00e1 mais de 20 anos. Sempre se destacou como profissional muito dedicado, sensato, equilibrado, moderador e conciliador. Com a evolu\u00e7\u00e3o nas duas vastas experi\u00eancias profissionais \u2013 que acumulou ao longo da sua carreira, \u00e9 bem compreens\u00edvel em estar buscando mais aperfei\u00e7oamentos ainda nas suas forma\u00e7\u00f5es \u2013 e escolhendo USA, at\u00e9 por estar percebendo que cada vez mais o caminho \u00e9 na busca das concilia\u00e7\u00f5es diante de conflitos, jur\u00eddicos, familiares, etc\t\t\t\t\t<\/div>\n\t\t\t\t<\/div>\n\t\t\t\t\t<\/div>\n\t\t\t\t\t\t\t\t<\/div>\n\t\t\t\t\t\t\t\t\t\t\t<div class=\"swiper-slide\">\n\t\t\t\t\t\t\t\t\t<div class=\"elementor-testimonial elementor-repeater-item-949f328\">\n\t\t\t\t\t\t\t<div class=\"elementor-testimonial__header\">\n\t\t\t\t\t\t\t\t\t\t<cite class=\"elementor-testimonial__cite\"><span class=\"elementor-testimonial__name\">Gabriel Costa<\/span><span class=\"elementor-testimonial__title\">Managing Counsel de Lit\u00edgios para a Am\u00e9rica Latina e Caribe, Shell Brasil Petr\u00f3leo Ltda<\/span><\/cite>\t\t\t\t\t<div class=\"elementor-testimonial__icon elementor-icon elementor-icon-\"><span class=\"elementor-screen-only\">Read More<\/span><\/div>\t\t\t\t<\/div>\n\t\t\t\t\t\t\t\t\t\t<div class=\"elementor-testimonial__content\">\n\t\t\t\t\t<div class=\"elementor-testimonial__text\">\n\t\t\t\t\t\tCombinando d\u00e9cadas de experi\u00eancia como advogado e s\u00f3cio l\u00edder em uma firma global, comeduca\u00e7\u00e3o internacional de ponta na \u00e1rea, Ricardo traz habilidades e capacidades \u00fanicas noespa\u00e7o de resolu\u00e7\u00e3o alternativa de disputas, notadamente como mediador, negociador econsultor em resolu\u00e7\u00e3o de conflitos por acordo. Um profissional no \u00e1pice de suas habilidades!\t\t\t\t\t<\/div>\n\t\t\t\t<\/div>\n\t\t\t\t\t<\/div>\n\t\t\t\t\t\t\t\t<\/div>\n\t\t\t\t\t\t\t\t\t\t\t<div class=\"swiper-slide\">\n\t\t\t\t\t\t\t\t\t<div class=\"elementor-testimonial elementor-repeater-item-eb9838e\">\n\t\t\t\t\t\t\t<div class=\"elementor-testimonial__header\">\n\t\t\t\t\t\t\t\t\t\t<cite class=\"elementor-testimonial__cite\"><span class=\"elementor-testimonial__name\">Jos\u00e9 Cesar Martins<\/span><span class=\"elementor-testimonial__title\">S\u00f3cio-fundador da Paradoxa<\/span><\/cite>\t\t\t\t\t<div class=\"elementor-testimonial__icon elementor-icon elementor-icon-\"><span class=\"elementor-screen-only\">Read More<\/span><\/div>\t\t\t\t<\/div>\n\t\t\t\t\t\t\t\t\t\t<div class=\"elementor-testimonial__content\">\n\t\t\t\t\t<div class=\"elementor-testimonial__text\">\n\t\t\t\t\t\tConheci o Ricardo, faz 30 anos, ent\u00e3o um jovem e brilhante advogado que sempre buscou s\u00f3lidaforma\u00e7\u00e3o intelectual ao lado de intensa participa\u00e7\u00e3o social. Logo se associou a um escrit\u00f3rioglobal e multiplicou seu alcance. Mas o Ricardo soube tamb\u00e9m a hora de sair do mundo daadvocacia corporativa para voltar a empreender como no in\u00edcio de sua carreira. Agora, comoadvogado s\u00eanior e mediador de conflitos. Nunca me arrependi por acreditar no Ricardo. Agoraaumentou o menu das minhas op\u00e7\u00f5es.\t\t\t\t\t<\/div>\n\t\t\t\t<\/div>\n\t\t\t\t\t<\/div>\n\t\t\t\t\t\t\t\t<\/div>\n\t\t\t\t\t\t\t\t\t\t\t<div class=\"swiper-slide\">\n\t\t\t\t\t\t\t\t\t<div class=\"elementor-testimonial elementor-repeater-item-1e50fcc\">\n\t\t\t\t\t\t\t<div class=\"elementor-testimonial__header\">\n\t\t\t\t\t\t\t\t\t\t<cite class=\"elementor-testimonial__cite\"><span class=\"elementor-testimonial__name\">Gary Birnberg<\/span><span class=\"elementor-testimonial__title\">Advogado, mediador e arbitralista internacional, membro do painel do JAMS, Miami, EUA<\/span><\/cite>\t\t\t\t\t<div class=\"elementor-testimonial__icon elementor-icon elementor-icon-\"><span class=\"elementor-screen-only\">Read More<\/span><\/div>\t\t\t\t<\/div>\n\t\t\t\t\t\t\t\t\t\t<div class=\"elementor-testimonial__content\">\n\t\t\t\t\t<div class=\"elementor-testimonial__text\">\n\t\t\t\t\t\tRicardo se destaca por seu entendimento profundo de como as ferramentas do sistema jur\u00eddicopodem servir ou falhar \u00e0s necessidades de clientes comerciais. Tendo sempre o \u201cclient first\u201d elesoluciona da maneira mais satisfat\u00f3ria e eficaz os problemas de seus clientes, seja atuando comoadvogado ou como mediador.\t\t\t\t\t<\/div>\n\t\t\t\t<\/div>\n\t\t\t\t\t<\/div>\n\t\t\t\t\t\t\t\t<\/div>\n\t\t\t\t\t\t\t\t\t\t\t<div class=\"swiper-slide\">\n\t\t\t\t\t\t\t\t\t<div class=\"elementor-testimonial elementor-repeater-item-46cde36\">\n\t\t\t\t\t\t\t<div class=\"elementor-testimonial__header\">\n\t\t\t\t\t\t\t\t\t\t<cite class=\"elementor-testimonial__cite\"><span class=\"elementor-testimonial__name\">Carolina Moraes Migliavacca<\/span><span class=\"elementor-testimonial__title\">Advogada e Professora<\/span><\/cite>\t\t\t\t\t<div class=\"elementor-testimonial__icon elementor-icon elementor-icon-\"><span class=\"elementor-screen-only\">Read More<\/span><\/div>\t\t\t\t<\/div>\n\t\t\t\t\t\t\t\t\t\t<div class=\"elementor-testimonial__content\">\n\t\t\t\t\t<div class=\"elementor-testimonial__text\">\n\t\t\t\t\t\tTrabalhei diretamente durante alguns anos com o Ricardo em equipe de Contencioso C\u00edvel emum dos maiores escrit\u00f3rios do Brasil com alcance internacional. Apesar da \u00e1rea contenciosa, porvezes nossos clientes nem iniciavam o lit\u00edgio, pois Ricardo j\u00e1 conduzia o atendimento para amelhor solu\u00e7\u00e3o extrajudicial, compondo com veia de mediador! Foi um enorme aprendizado,parceria profissional e amizade que s\u00f3 se afinaram nos anos seguintes!\t\t\t\t\t<\/div>\n\t\t\t\t<\/div>\n\t\t\t\t\t<\/div>\n\t\t\t\t\t\t\t\t<\/div>\n\t\t\t\t\t\t\t\t\t\t\t<div class=\"swiper-slide\">\n\t\t\t\t\t\t\t\t\t<div class=\"elementor-testimonial elementor-repeater-item-bf9525c\">\n\t\t\t\t\t\t\t<div class=\"elementor-testimonial__header\">\n\t\t\t\t\t\t\t\t\t\t<cite class=\"elementor-testimonial__cite\"><span class=\"elementor-testimonial__name\">Thales M. Stucky<\/span><span class=\"elementor-testimonial__title\"> S\u00f3cio da Trench, Rossi e Watanabe Advogados<\/span><\/cite>\t\t\t\t\t<div class=\"elementor-testimonial__icon elementor-icon elementor-icon-\"><span class=\"elementor-screen-only\">Read More<\/span><\/div>\t\t\t\t<\/div>\n\t\t\t\t\t\t\t\t\t\t<div class=\"elementor-testimonial__content\">\n\t\t\t\t\t<div class=\"elementor-testimonial__text\">\n\t\t\t\t\t\tTive a oportunidade de ter o Ricardo por mais de 15 anos como s\u00f3cio. Ao longo de todo essetempo, Ricardo sempre entregou um trabalho impec\u00e1vel para clientes nacionais e internacionais,pautado por uma forte \u00e9tica de trabalho. Participando de muitas negocia\u00e7\u00f5es com o Ricardo,posso atestar que ele se destaca por ser um profissional muito h\u00e1bil em trazer para um pontocomum diferentes perspectivas fazendo com que as partes identifiquem o que seria melhor ou,pelo menos, a poss\u00edvel solu\u00e7\u00e3o do caso. Sempre em busca de ampliar sua expertise, Ricardo n\u00e3opara de estudar, o que lhe d\u00e1 a capacidade de se atualizar com as mais recentes tend\u00eancias emsua \u00e1rea.\t\t\t\t\t<\/div>\n\t\t\t\t<\/div>\n\t\t\t\t\t<\/div>\n\t\t\t\t\t\t\t\t<\/div>\n\t\t\t\t\t\t\t\t\t\t\t<div class=\"swiper-slide\">\n\t\t\t\t\t\t\t\t\t<div class=\"elementor-testimonial elementor-repeater-item-0d949fe\">\n\t\t\t\t\t\t\t<div class=\"elementor-testimonial__header\">\n\t\t\t\t\t\t\t\t\t\t<cite class=\"elementor-testimonial__cite\"><span class=\"elementor-testimonial__name\">Mauro Pedroso Gon\u00e7alves<\/span><span class=\"elementor-testimonial__title\">S\u00f3cio de Tauil &amp; Chequer Advogados associado a Mayer Brown<\/span><\/cite>\t\t\t\t\t<div class=\"elementor-testimonial__icon elementor-icon elementor-icon-\"><span class=\"elementor-screen-only\">Read More<\/span><\/div>\t\t\t\t<\/div>\n\t\t\t\t\t\t\t\t\t\t<div class=\"elementor-testimonial__content\">\n\t\t\t\t\t<div class=\"elementor-testimonial__text\">\n\t\t\t\t\t\tRicardo \u00e9 um excelente advogado e liderou por v\u00e1rios anos o contencioso c\u00edvel do escrit\u00f3rioTrench Rossi Watanabe em coopera\u00e7\u00e3o com Baker McKenzie no Rio Grande do Sul. Comoassociado e, posteriormente, s\u00f3cio do mesmo escrit\u00f3rio, tive a oportunidade de testemunhar asua lideran\u00e7a e capacidade t\u00e9cnica. Ap\u00f3s mestrado nos EUA, o Ricardo incorporou em suaatua\u00e7\u00e3o a resolu\u00e7\u00e3o de conflitos por media\u00e7\u00e3o.\t\t\t\t\t<\/div>\n\t\t\t\t<\/div>\n\t\t\t\t\t<\/div>\n\t\t\t\t\t\t\t\t<\/div>\n\t\t\t\t\t\t\t\t\t\t\t<div class=\"swiper-slide\">\n\t\t\t\t\t\t\t\t\t<div class=\"elementor-testimonial elementor-repeater-item-a6deca2\">\n\t\t\t\t\t\t\t<div class=\"elementor-testimonial__header\">\n\t\t\t\t\t\t\t\t\t\t<cite class=\"elementor-testimonial__cite\"><span class=\"elementor-testimonial__name\">M\u00e1rcio Vasconcellos<\/span><span class=\"elementor-testimonial__title\">Associado de Musick Peeler, Los Angeles; Professor da USC-Gould School of Law e Pepperdine-Caruso School of Law; Chair da Chartered Institute of Arbitrators, Cap\u00edtulo Los Angeles\/EUA<\/span><\/cite>\t\t\t\t\t<div class=\"elementor-testimonial__icon elementor-icon elementor-icon-\"><span class=\"elementor-screen-only\">Read More<\/span><\/div>\t\t\t\t<\/div>\n\t\t\t\t\t\t\t\t\t\t<div class=\"elementor-testimonial__content\">\n\t\t\t\t\t<div class=\"elementor-testimonial__text\">\n\t\t\t\t\t\tO Ricardo tem todas as ferramentas de um mediador eficiente, diligente e competente. Ele temvasta experi\u00eancia em transa\u00e7\u00f5es e lit\u00edgios comerciais internacionais e dom\u00e9sticos; d\u00e9cadas depr\u00e1tica em um dos mais destacados escrit\u00f3rios internacionais; e jamais perdeu contato com arealidade e as necessidades dos clientes. Ap\u00f3s dedicar os \u00faltimos anos a aprimorar as t\u00e9cnicasmais modernas de media\u00e7\u00e3o na Calif\u00f3rnia, um dos ber\u00e7os da media\u00e7\u00e3o moderna, o Ricardo trazao mercado sua s\u00f3lida experi\u00eancia alinhada ao que h\u00e1 de mais moderno no campo de resolu\u00e7\u00e3ode disputas. Como advogado atuante no Brasil e nos Estados Unidos e tendo experimentado apr\u00e1tica da media\u00e7\u00e3o como realidade, tenho satisfa\u00e7\u00e3o em recomendar o Ricardo como um dosmediadores em mais alto n\u00edvel no mercado.\t\t\t\t\t<\/div>\n\t\t\t\t<\/div>\n\t\t\t\t\t<\/div>\n\t\t\t\t\t\t\t\t<\/div>\n\t\t\t\t\t\t\t\t\t\t\t<div class=\"swiper-slide\">\n\t\t\t\t\t\t\t\t\t<div class=\"elementor-testimonial elementor-repeater-item-f8c9970\">\n\t\t\t\t\t\t\t<div class=\"elementor-testimonial__header\">\n\t\t\t\t\t\t\t\t\t\t<cite class=\"elementor-testimonial__cite\"><span class=\"elementor-testimonial__name\">Ricardo Ranzolin<\/span><span class=\"elementor-testimonial__title\">S\u00f3cio e CEO de Silveiro Advogados<\/span><\/cite>\t\t\t\t\t<div class=\"elementor-testimonial__icon elementor-icon elementor-icon-\"><span class=\"elementor-screen-only\">Read More<\/span><\/div>\t\t\t\t<\/div>\n\t\t\t\t\t\t\t\t\t\t<div class=\"elementor-testimonial__content\">\n\t\t\t\t\t<div class=\"elementor-testimonial__text\">\n\t\t\t\t\t\tConheci Ricardo Chaves Barcellos em 1982, e desde ent\u00e3o mantemos contatos profissionais estreitos.  Forjou sua carreira na advocacia em duas grandes bancas de S\u00e3o Paulo - Escrit\u00f3rios Felsberg e Castro e Barros \u2013 vindo depois a ser o advogado fundador da sede do Escrit\u00f3rio Trench Rossi Watanabe no Rio Grande do Sul, quando, por muitos anos, liderou a \u00e1rea do contencioso com reconhecida e destacada reputa\u00e7\u00e3o. Profissional extremamente \u00e9tico e confi\u00e1vel, dotado de grande sabedoria e incomum sensibilidade para as t\u00e9cnicas de resolu\u00e7\u00e3o de conflitos, o coroamento de sua carreira profissional consubstanciou-se quando \u00e0 toda experi\u00eancia e dedica\u00e7\u00e3o \u00e0 pr\u00e1tica da negocia\u00e7\u00e3o e da media\u00e7\u00e3o somou forma\u00e7\u00e3o acad\u00eamica  de elevado lustre na Pepperdine University, a mais bem ranqueada nos Estados Unidos na tem\u00e1tica dos ADRs. Seu nome naturalmente se destaca como mediador e negociador do mais alto calibre. E, sobretudo, trata-se de ser humano paciencioso, am\u00e1vel e de \u00f3tima \u00edndole, que semeou o bem por onde transitou.\t\t\t\t\t<\/div>\n\t\t\t\t<\/div>\n\t\t\t\t\t<\/div>\n\t\t\t\t\t\t\t\t<\/div>\n\t\t\t\t\t\t\t\t\t\t\t<div class=\"swiper-slide\">\n\t\t\t\t\t\t\t\t\t<div class=\"elementor-testimonial elementor-repeater-item-0820fec\">\n\t\t\t\t\t\t\t<div class=\"elementor-testimonial__header\">\n\t\t\t\t\t\t\t\t\t\t<cite class=\"elementor-testimonial__cite\"><span class=\"elementor-testimonial__name\">Cl\u00e1udio Moretti<\/span><span class=\"elementor-testimonial__title\">S\u00f3cio e Gestor de Trench, Rossi e Watanabe Advogados<\/span><\/cite>\t\t\t\t\t<div class=\"elementor-testimonial__icon elementor-icon elementor-icon-\"><span class=\"elementor-screen-only\">Read More<\/span><\/div>\t\t\t\t<\/div>\n\t\t\t\t\t\t\t\t\t\t<div class=\"elementor-testimonial__content\">\n\t\t\t\t\t<div class=\"elementor-testimonial__text\">\n\t\t\t\t\t\tConhe\u00e7o o Ricardo h\u00e1 mais de 30 anos, desde a \u00e9poca em que estud\u00e1vamos Direito. J\u00e1 naquela oportunidade me chamava a aten\u00e7\u00e3o no Ricardo a sua extraordin\u00e1ria capacidade estrat\u00e9gica e de organiza\u00e7\u00e3o das ideias, al\u00e9m de uma intelig\u00eancia jur\u00eddica \u00edmpar. Como s\u00f3cios, por mais de 20 anos, vi o Ricardo desenvolver t\u00e9cnicas negociais e conciliat\u00f3rias que para a grande maioria dos juristas da \u00e1rea do contencioso \u00e9 algo sequer cogitado. Para o Ricardo, conciliar sempre foi op\u00e7\u00e3o a ser tecnicamente avaliada e explorada. Altamente capacitado pela experi\u00eancia do contencioso, o Ricardo sempre soube aproveit\u00e1-la em prol dos nossos clientes para lev\u00e1-los, com \u00eaxito, a alternativas menos dolorosas e longas do que a disputa judicial. Tenho pelo Ricardo, al\u00e9m da grande amizade, a maior admira\u00e7\u00e3o pelas suas capacidades profissionais e senso \u00e9tico.\t\t\t\t\t<\/div>\n\t\t\t\t<\/div>\n\t\t\t\t\t<\/div>\n\t\t\t\t\t\t\t\t<\/div>\n\t\t\t\t\t\t\t\t\t<\/div>\n\t\t\t\t\t\t\t\t\t\t\t\t\t\t\t\t\t\t\t\t<div class=\"elementor-swiper-button elementor-swiper-button-prev\" role=\"button\" tabindex=\"0\">\n\t\t\t\t\t\t\t<i aria-hidden=\"true\" class=\"eicon-chevron-left\"><\/i>\t\t\t\t\t\t\t<span class=\"elementor-screen-only\">Previous<\/span>\n\t\t\t\t\t\t<\/div>\n\t\t\t\t\t\t<div class=\"elementor-swiper-button elementor-swiper-button-next\" role=\"button\" tabindex=\"0\">\n\t\t\t\t\t\t\t<i aria-hidden=\"true\" class=\"eicon-chevron-right\"><\/i>\t\t\t\t\t\t\t<span class=\"elementor-screen-only\">Next<\/span>\n\t\t\t\t\t\t<\/div>\n\t\t\t\t\t\t\t\t\t\t\t\t<\/div>\n\t\t<\/div>\n\t\t\t\t<\/div>\n\t\t\t\t<\/div>\n\t\t\t\t\t<\/div>\n\t\t<\/div>\n\t\t\t\t\t<\/div>\n\t\t<\/section>\n\t\t\t\t<\/div>\n\t\t","protected":false},"excerpt":{"rendered":"<p>Depoimentos Henri Siegert ChazanAdvogado, Empres\u00e1rio, Presidente do Sindicato dos Hospitais e Cl\u00ednicas de Porto Alegre\/RS Read More Para solucionar um processo perdido que j\u00e1 durava mais de 25 anos acabei recorrendo ao Dr. Ricardo Chaves Barcelos. Conseguimos reverter uma causa dada como perdido. E depois da proced\u00eancia, conseguimos um bom acordo para receber os valores! [&hellip;]<\/p>\n","protected":false},"author":1,"featured_media":0,"parent":0,"menu_order":0,"comment_status":"closed","ping_status":"closed","template":"","meta":{"footnotes":""},"class_list":["post-1463","page","type-page","status-publish","hentry"],"_links":{"self":[{"href":"https:\/\/ricardodcbarcellos.com.br\/en\/wp-json\/wp\/v2\/pages\/1463","targetHints":{"allow":["GET"]}}],"collection":[{"href":"https:\/\/ricardodcbarcellos.com.br\/en\/wp-json\/wp\/v2\/pages"}],"about":[{"href":"https:\/\/ricardodcbarcellos.com.br\/en\/wp-json\/wp\/v2\/types\/page"}],"author":[{"embeddable":true,"href":"https:\/\/ricardodcbarcellos.com.br\/en\/wp-json\/wp\/v2\/users\/1"}],"replies":[{"embeddable":true,"href":"https:\/\/ricardodcbarcellos.com.br\/en\/wp-json\/wp\/v2\/comments?post=1463"}],"version-history":[{"count":16,"href":"https:\/\/ricardodcbarcellos.com.br\/en\/wp-json\/wp\/v2\/pages\/1463\/revisions"}],"predecessor-version":[{"id":1684,"href":"https:\/\/ricardodcbarcellos.com.br\/en\/wp-json\/wp\/v2\/pages\/1463\/revisions\/1684"}],"wp:attachment":[{"href":"https:\/\/ricardodcbarcellos.com.br\/en\/wp-json\/wp\/v2\/media?parent=1463"}],"curies":[{"name":"wp","href":"https:\/\/api.w.org\/{rel}","templated":true}]}}